{"id":5,"date":"2022-02-14T17:00:10","date_gmt":"2022-02-14T17:00:10","guid":{"rendered":"https:\/\/nmx179.com\/index.php\/mesmerize\/"},"modified":"2023-01-27T18:49:55","modified_gmt":"2023-01-27T18:49:55","slug":"mesmerize","status":"publish","type":"page","link":"https:\/\/nmx179.com\/","title":{"rendered":"NMX-AA-SCFI-179-2018"},"content":{"rendered":"<div  id=\"overlappable-4\" style=\"background-color: #ffffff;\" data-label=\"Overlappable\" data-id=\"overlappable-4\" data-export-id=\"overlappable-4\" data-category=\"overlappable\" class=\"overlappable-4 content-section content-section-spacing\" data-overlap=\"true\"><div  class=\"gridContainer\"> <div  data-type=\"row\" class=\"row spaced-cols text-center\"><div  class=\"col-xs-12 col-sm-4 col-padding\"> <i  class=\"fa icon fa-clone large shadow-large-black round aligncenter reverse color1\"><\/i> <div  data-type=\"column\" class=\"\"> <h5  class=\"\">PSI&nbsp;<\/h5> <p  class=\"\">Si necesitas cumplir con la norma de medici\u00f3n de flujo de agua dando as\u00ed al cumplimiento de la NOM-AA-179-SCFI-2018\n<\/p><\/div> <\/div> <div  class=\"col-xs-12 col-sm-4 col-padding\"> <i  class=\"fa icon shadow-large-black aligncenter color1 fa-group reverse round large\"><\/i> <div  data-type=\"column\" class=\"\"><h5  class=\"\">GRUPO THERA<\/h5> <p  class=\"\">Somos una empresa que cumple con los lineamientos como proveedor de servicios de servicios integrados y CONAGUA<\/p><\/div> <\/div> <div  class=\"col-xs-12 col-sm-4 col-padding\"> <i  class=\"fa icon shadow-large-black aligncenter color1 fa-cogs reverse round large\"><\/i> <div  data-type=\"column\" class=\"\"><h5  class=\"\">CALIDAD Y EFICIENCIA<\/h5> <p  class=\"\">Con la alta calidad y gran exactitud de nuestros medidores, aseguramos el funcionamiento 24\/7 y el reporte oportuno a CONAGIA<\/p><\/div> <\/div><\/div> <\/div><\/div><div  id=\"about-1\" style=\"background-color: #f5fafd;\" data-label=\"About\" data-id=\"about-1\" data-export-id=\"about-1\" data-category=\"about\" class=\"about-1 content-section\"><div  class=\"gridContainer\"> <div  class=\"row text-center\"><div  class=\"section-title-col\" data-type=\"column\">  <h2  class=\"\">El agua es un recurso valioso que <font  face=\"Playfair Display, sans-serif\"><i >debe ser medido&nbsp;<\/i><\/font>&nbsp;para asegurar su futuro<\/h2> <\/div> <\/div> <div  class=\"row\"> <div  class=\"button-holder space-bottom space-bottom-small\" data-type=\"column\"> <a class=\"button color1\" href=\"#\" target=\"_self\" data-cp-link=\"1\" rel=\"noopener\">GRUPO THERA<\/a><\/div> <div  class=\"col-xs bottom-xs flexbox image-group-bottom-3-img space-bottom-xs center-xs\"> <img  decoding=\"async\" class=\"left-img shadow-large-black\" data-size=\"500x300\" src=\"https:\/\/nmx179.com\/wp-content\/uploads\/2022\/02\/fondo-contacto.jpg\" title=\"fondo contacto\" alt=\"\"> <img  decoding=\"async\" class=\"center-img shadow-large-black\" data-size=\"500x300\" src=\"https:\/\/nmx179.com\/wp-content\/uploads\/2022\/02\/cropped-FLUJO-ENDRESS-HAUSER.jpg\" title=\"NMX-AA-179-SCFI-2018\" alt=\"Medir el agua conagua\"> <img  decoding=\"async\" class=\"right-img shadow-large-black\" data-size=\"500x300\" src=\"https:\/\/nmx179.com\/wp-content\/uploads\/2022\/02\/CONTACTO-NMX-179.jpg\" title=\"CONTACTO NMX 179\" alt=\"\"><\/div> <\/div><\/div> <\/div><div  id=\"cta-1\" data-label=\"Cta\" data-id=\"cta-blue-section\" data-export-id=\"cta-blue-section\" data-category=\"cta\" class=\"cta-blue-section content-section content-section-spacing-medium bg-color1 white-text\"><div  class=\"gridContainer\"> <div  class=\"row middle-xs\"><div  class=\"col-sm-8 space-bottom-xs\" data-type=\"column\"> <h2  class=\"\">Comun\u00edquese ahora! b\u00fasque&nbsp;<span  style=\"font-weight: 300;\">asesor\u00eda&nbsp;<\/span><\/h2> <\/div> <div  class=\"col-sm-4 end-sm\" data-type=\"column\"> <a class=\"button color2\" href=\"\/\/nmx179.com\/wp-content\/uploads\/2023\/01\/FOLLETO-PSI-NMX179_compressed.pdf\" target=\"_blank\" data-cp-link=\"1\" rel=\"noopener\">M\u00e1s informaci\u00f3n NMX-AA-179-SCFI-2018<\/a><\/div> <\/div><\/div> <\/div><div  data-label=\"Content\" data-id=\"content--1\" data-export-id=\"content-12\" data-category=\"content\" class=\"content-12 content-section content-section-spacing\" id=\"content-15\" style=\"background-color: rgb(245, 250, 253);\"><div  class=\"\"> <div  class=\"row text-center\"><div  class=\"section-title-col\" data-type=\"column\"> <h2  class=\"\">Cumplimiento CONAGUA<\/h2> <p  class=\"lead\">El 21 de septiembre del 2018 la Secretar\u00eda de Econom\u00eda, al ser la \u00fanica autoridad facultada en materia de metrolog\u00eda, public\u00f3 en el Diario Oficial de la Federaci\u00f3n la Declaratoria de vigencia de la Norma Mexicana NMX-AA-179-SCFI-2018 Medici\u00f3n de Vol\u00famenes de Aguas Nacionales usados, explotados o aprovechados y que en t\u00e9rminos de los art\u00edculos 54 y 55 de la Ley Federal sobre Metrolog\u00eda y Normalizaci\u00f3n esta norma mexicana debe ser tomada como referencia.El 21 de septiembre del 2018 la Secretar\u00eda de Econom\u00eda, al ser la \u00fanica autoridad facultada en materia de metrolog\u00eda, public\u00f3 en el Diario Oficial de la Federaci\u00f3n la Declaratoria de vigencia de la Norma Mexicana NMX-AA-179-SCFI-2018 Medici\u00f3n de Vol\u00famenes de Aguas Nacionales usados, explotados o aprovechados y que en t\u00e9rminos de los art\u00edculos 54 y 55 de la Ley Federal sobre Metrolog\u00eda y Normalizaci\u00f3n esta norma mexicana debe ser tomada como referencia.<\/p><\/div> <\/div> <div  class=\"row center-xs middle-xs\"> <div  class=\"col-sm-9\" data-type=\"column\"> <a data-cp-link=\"1\" href=\"\/\/nmx179.com\/wp-content\/uploads\/2023\/01\/FOLLETO-PSI-NMX179_compressed.pdf\" class=\"\" target=\"_blank\" rel=\"noopener\"><img  decoding=\"async\" class=\"shadow-large\" src=\"https:\/\/nmx179.com\/wp-content\/uploads\/2022\/02\/ILUSTRACION.jpg\" title=\"PSI nmx 179\" alt=\"NMX-AA-179-SCFI-2018\"><\/a><a class=\"button blue\" href=\"\/\/nmx179.com\/wp-content\/uploads\/2023\/01\/FOLLETO-PSI-NMX179_compressed.pdf\" target=\"_blank\" data-cp-link=\"1\" rel=\"noopener\">Ir a m\u00e1s informaci\u00f3n nmx 179 PDF<\/a><\/div> <\/div><\/div> <\/div><div  data-label=\"Portfolio\" data-id=\"portfolio--1\" data-export-id=\"portfolio-4\" data-category=\"portfolio\" class=\"portfolio-4 content-section content-section-spacing-top\" id=\"portfolio-1\" style=\"background-color: rgb(245, 250, 253);\"><div  class=\"\"> <div  class=\"row text-center\"><div  class=\"section-title-col\" data-type=\"column\"> <h2  class=\"\">Portfolio<\/h2> <p  class=\"lead\">With the Internet spreading linke wildfire and reaching every part of our daily life, more and more traffic is directed to websites in search for information.<\/p><\/div> <\/div> <div  data-type=\"row\" class=\"row\" data-fixed=\"true\"> <div  class=\"col-xs-12 col-sm-3 no-gutter-col\"> <div  class=\"contentswap-effect\" data-hover-fx=\"portfolio-4\"> <div  class=\"initial-image\"> <img  decoding=\"async\" data-size=\"542x360\" src=\"https:\/\/nmx179.com\/wp-content\/uploads\/2023\/01\/cropped-NMX-AA-SCFI-2018.jpg\"><\/div> <div  class=\"overlay bg-color1\"><\/div> <div  class=\"swap-inner col-xs-12\"> <div  class=\"row full-height-row middle-xs middle-sm\"> <div  class=\"col-xs-12 text-center content-holder\"> <a href=\"https:\/\/nmx179.com\/wp-content\/uploads\/2023\/01\/cropped-medicion-de-volumenes-de-agua.jpg\" target=\"_self\" data-cp-link=\"1\" rel=\"noopener\" class=\"\"><\/a><\/div> <\/div><\/div> <\/div><\/div> <div  class=\"col-xs-12 col-sm-3 no-gutter-col\"><div  class=\"contentswap-effect\" data-hover-fx=\"portfolio-4\"> <div  class=\"initial-image\"> <img  decoding=\"async\" data-size=\"542x360\" src=\"https:\/\/nmx179.com\/wp-content\/uploads\/2023\/01\/cropped-nmx-aa-179-scfi-2018.jpg\"><\/div> <div  class=\"overlay bg-color1\"><\/div> <div  class=\"swap-inner col-xs-12\"> <div  class=\"row full-height-row middle-xs middle-sm\"> <div  class=\"col-xs-12 text-center content-holder\"> <a href=\"https:\/\/nmx179.com\/wp-content\/uploads\/2023\/01\/cropped-nmx-aa-179-scfi-2018.jpg\" target=\"_self\" data-cp-link=\"1\" rel=\"noopener\" class=\"\"><\/a><\/div> <\/div><\/div> <\/div><\/div> <div  class=\"col-xs-12 col-sm-3 no-gutter-col\"><div  class=\"contentswap-effect\" data-hover-fx=\"portfolio-4\"> <div  class=\"initial-image\"> <img  decoding=\"async\" data-size=\"542x360\" src=\"https:\/\/nmx179.com\/wp-content\/uploads\/2023\/01\/cropped-NMX-179.jpg\"><\/div> <div  class=\"overlay bg-color1\"><\/div> <div  class=\"swap-inner col-xs-12\"> <div  class=\"row full-height-row middle-xs middle-sm\"> <div  class=\"col-xs-12 text-center content-holder\"> <a href=\"https:\/\/nmx179.com\/wp-content\/uploads\/2023\/01\/cropped-NMX-179.jpg\" target=\"_self\" data-cp-link=\"1\" rel=\"noopener\" class=\"\"><\/a><\/div> <\/div><\/div> <\/div><\/div> <div  class=\"col-xs-12 col-sm-3 no-gutter-col\"><div  class=\"contentswap-effect\" data-hover-fx=\"portfolio-4\"> <div  class=\"initial-image\"> <img  decoding=\"async\" data-size=\"542x360\" src=\"https:\/\/nmx179.com\/wp-content\/uploads\/2023\/01\/cropped-Medicion-de-volumenes-de-aguas-nacionales.jpg\"><\/div> <div  class=\"overlay bg-color1\"><\/div> <div  class=\"swap-inner col-xs-12\"> <div  class=\"row full-height-row middle-xs middle-sm\"> <div  class=\"col-xs-12 text-center content-holder\"> <a href=\"https:\/\/nmx179.com\/wp-content\/uploads\/2023\/01\/cropped-Medicion-de-volumenes-de-aguas-nacionales.jpg\" target=\"_self\" data-cp-link=\"1\" rel=\"noopener\" class=\"\"><\/a><\/div> <\/div><\/div> <\/div><\/div> <div  class=\"col-xs-12 col-sm-3 no-gutter-col\"><div  class=\"contentswap-effect\" data-hover-fx=\"portfolio-4\"> <div  class=\"initial-image\"> <img  decoding=\"async\" data-size=\"542x360\" src=\"https:\/\/nmx179.com\/wp-content\/uploads\/2023\/01\/cropped-medicion-de-volumenes-de-agua.jpg\"><\/div> <div  class=\"overlay bg-color1\"><\/div> <div  class=\"swap-inner col-xs-12\"> <div  class=\"row full-height-row middle-xs middle-sm\"> <div  class=\"col-xs-12 text-center content-holder\"> <a href=\"\/\/nmx179.com\/wp-content\/uploads\/2023\/01\/cropped-medicion-de-volumenes-de-agua.jpg\" target=\"_self\" data-cp-link=\"1\" rel=\"noopener\" class=\"\"><\/a><\/div> <\/div><\/div> <\/div><\/div> <div  class=\"col-xs-12 col-sm-3 no-gutter-col\"><div  class=\"contentswap-effect\" data-hover-fx=\"portfolio-4\"> <div  class=\"initial-image\"> <img  decoding=\"async\" data-size=\"542x360\" src=\"https:\/\/nmx179.com\/wp-content\/uploads\/2023\/01\/cropped-IMG-20221111-WA0020.jpg\"><\/div> <div  class=\"overlay bg-color1\"><\/div> <div  class=\"swap-inner col-xs-12\"> <div  class=\"row full-height-row middle-xs middle-sm\"> <div  class=\"col-xs-12 text-center content-holder\"> <a href=\"https:\/\/nmx179.com\/wp-content\/uploads\/2023\/01\/cropped-IMG-20221111-WA0020.jpg\" target=\"_self\" data-cp-link=\"1\" rel=\"noopener\" class=\"\"><\/a><\/div> <\/div><\/div> <\/div><\/div> <div  class=\"col-xs-12 col-sm-3 no-gutter-col\"><div  class=\"contentswap-effect\" data-hover-fx=\"portfolio-4\"> <div  class=\"initial-image\"> <img  decoding=\"async\" data-size=\"542x360\" src=\"https:\/\/nmx179.com\/wp-content\/uploads\/2023\/01\/cropped-IMG-20221111-WA0021.jpg\"><\/div> <div  class=\"overlay bg-color1\"><\/div> <div  class=\"swap-inner col-xs-12\"> <div  class=\"row full-height-row middle-xs middle-sm\"> <div  class=\"col-xs-12 text-center content-holder\"> <a href=\"\/\/nmx179.com\/wp-content\/uploads\/2023\/01\/cropped-IMG-20221111-WA0021.jpg\" target=\"_self\" data-cp-link=\"1\" rel=\"noopener\" class=\"\"><\/a><\/div> <\/div><\/div> <\/div><\/div> <div  class=\"col-xs-12 col-sm-3 no-gutter-col\"><div  class=\"contentswap-effect\" data-hover-fx=\"portfolio-4\"> <div  class=\"initial-image\"> <img  decoding=\"async\" data-size=\"542x360\" src=\"https:\/\/nmx179.com\/wp-content\/uploads\/2023\/01\/cropped-IMG-20221111-WA0027.jpg\"><\/div> <div  class=\"overlay bg-color1\"><\/div> <div  class=\"swap-inner col-xs-12\"> <div  class=\"row full-height-row middle-xs middle-sm\"> <div  class=\"col-xs-12 text-center content-holder\"> <a href=\"\/\/nmx179.com\/wp-content\/uploads\/2023\/01\/cropped-NMX-179.jpg\" target=\"_self\" data-cp-link=\"1\" rel=\"noopener\" class=\"\"><\/a><\/div> <\/div><\/div> <\/div><\/div> <\/div><\/div> <\/div><div  data-label=\"Counters\" data-id=\"counters--1\" data-export-id=\"counters-1\" data-category=\"counters\" class=\"counters-1 content-section content-section-spacing\" id=\"counters-1\" style=\"background-color: rgb(245, 250, 253);\"><div  class=\"gridContainer\"> <div  class=\"row text-center\"><div  class=\"section-title-col\" data-type=\"column\"> <h2  class=\"\">Proveedor de servicios integrados<\/h2> <p  class=\"lead\">Con el soporte y atenci\u00f3n que solo Grupo Thera puede dar.<\/p><\/div> <\/div> <div  class=\"row spaced-cols\" data-type=\"row\" data-fixed=\"true\"> <div  class=\"col-xs-12 col-sm-4 space-bottom-small col-padding-xs\"> <div  class=\"circle-counter color1\"> <svg  class=\"circle-svg\" viewBox=\"0 0 100 100\"> <circle  r=\"48\" stroke-linecap=\"round\" cx=\"50\" cy=\"50\" fill=\"transparent\" stroke-dasharray=\"301.6\" stroke-dashoffset=\"301.6px\"><\/circle> <circle  class=\"circle-bar\" r=\"48\" stroke-linecap=\"round\" cx=\"50\" cy=\"50\" fill=\"transparent\" stroke-dasharray=\"301.6\" stroke-dashoffset=\"301.6px\" style=\"stroke-dashoffset: 301.593px;\"><\/circle><\/svg> <div  class=\"circle-content\"><h2  class=\"font-100\" data-min=\"0\" data-max=\"100\" data-stop=\"100\" data-prefix=\"\" data-suffix=\"% \" data-countup=\"true\" data-duration=\"3000\"><\/h2> <p >Clientes satisfechos<\/p><\/div> <\/div><\/div> <div  class=\"col-xs-12 col-sm-4 space-bottom-small col-padding-xs\"><div  class=\"circle-counter color2\"> <svg  class=\"circle-svg\" viewBox=\"0 0 100 100\"><circle  r=\"48\" stroke-linecap=\"round\" cx=\"50\" cy=\"50\" fill=\"transparent\" stroke-dasharray=\"301.6\" stroke-dashoffset=\"301.6px\"><\/circle> <circle  class=\"circle-bar\" r=\"48\" stroke-linecap=\"round\" cx=\"50\" cy=\"50\" fill=\"transparent\" stroke-dasharray=\"301.6\" stroke-dashoffset=\"301.6px\" style=\"stroke-dashoffset: 301.593px;\"><\/circle><\/svg> <div  class=\"circle-content\"><h2  class=\"font-100\" data-min=\"0\" data-max=\"100\" data-stop=\"100\" data-prefix=\"\" data-suffix=\"%\" data-countup=\"true\" data-duration=\"3000\"><\/h2> <p >Presencia en el pa\u00eds<\/p><\/div> <\/div><\/div> <div  class=\"col-xs-12 col-sm-4 space-bottom-small col-padding-xs\"><div  class=\"circle-counter color4\"> <svg  class=\"circle-svg\" viewBox=\"0 0 100 100\"><circle  r=\"48\" stroke-linecap=\"round\" cx=\"50\" cy=\"50\" fill=\"transparent\" stroke-dasharray=\"301.6\" stroke-dashoffset=\"301.6px\"><\/circle> <circle  class=\"circle-bar\" r=\"48\" stroke-linecap=\"round\" cx=\"50\" cy=\"50\" fill=\"transparent\" stroke-dasharray=\"301.6\" stroke-dashoffset=\"301.6px\" style=\"stroke-dashoffset: 301.593px;\"><\/circle><\/svg> <div  class=\"circle-content\"><h2  class=\"font-100\" data-min=\"0\" data-max=\"100\" data-stop=\"100\" data-prefix=\"\" data-suffix=\"%\" data-countup=\"true\" data-duration=\"3000\"><\/h2> <p >Atenci\u00f3n y Servicio<\/p><\/div> <\/div><\/div> <\/div><\/div> <\/div><div  id=\"contact-1\" data-label=\"Contact\" data-id=\"contact-1\" data-export-id=\"contact-1\" data-category=\"contact\" class=\"contact-1 content-section content-section-spacing white-text\" data-parallax-depth=\"20\"><div  class=\"gridContainer\"> <div  class=\"row text-center\"><div  class=\"section-title-col\" data-type=\"column\"> <h2  class=\"\">Contacto<\/h2> <p  class=\"lead\">Si tiene alguna pregunta ll\u00e1me, env\u00ede un whats app o si lo prefiere llene el formulario y nos pondremos en contacto lo antes posible.&nbsp;<\/p><\/div> <\/div> <div  class=\"row text-center\"> <div  class=\"col-xs-12 col-sm-8 col-sm-offset-2 contact-form-wrapper inline-info\"> <div  class=\"card large-padding\"> <div  class=\"\" data-content-shortcode=\"mesmerize_contact_form shortcode=&quot;contact-form-7 id=&amp;amp;quot;44&amp;amp;quot; title=&amp;amp;quot;Formulario de contacto 1&amp;amp;quot;&quot;\" data-editable=\"true\">\n<div class=\"wpcf7 no-js\" id=\"wpcf7-f44-o1\" lang=\"es-ES\" dir=\"ltr\" data-wpcf7-id=\"44\">\n<div class=\"screen-reader-response\"><p role=\"status\" aria-live=\"polite\" aria-atomic=\"true\"><\/p> <ul><\/ul><\/div>\n<form action=\"\/index.php\/wp-json\/wp\/v2\/pages\/5#wpcf7-f44-o1\" method=\"post\" class=\"wpcf7-form init\" aria-label=\"Formulario de contacto\" novalidate=\"novalidate\" data-status=\"init\">\n<fieldset class=\"hidden-fields-container\"><input type=\"hidden\" name=\"_wpcf7\" value=\"44\" \/><input type=\"hidden\" name=\"_wpcf7_version\" value=\"6.1.5\" \/><input type=\"hidden\" name=\"_wpcf7_locale\" value=\"es_ES\" \/><input type=\"hidden\" name=\"_wpcf7_unit_tag\" value=\"wpcf7-f44-o1\" \/><input type=\"hidden\" name=\"_wpcf7_container_post\" value=\"0\" \/><input type=\"hidden\" name=\"_wpcf7_posted_data_hash\" value=\"\" \/>\n<\/fieldset>\n<p><label> Tu nombre<br \/>\n<span class=\"wpcf7-form-control-wrap\" data-name=\"your-name\"><input size=\"40\" maxlength=\"400\" class=\"wpcf7-form-control wpcf7-text wpcf7-validates-as-required\" aria-required=\"true\" aria-invalid=\"false\" value=\"\" type=\"text\" name=\"your-name\" \/><\/span> <\/label>\n<\/p>\n<p><label> Tu correo electr\u00f3nico<br \/>\n<span class=\"wpcf7-form-control-wrap\" data-name=\"your-email\"><input size=\"40\" maxlength=\"400\" class=\"wpcf7-form-control wpcf7-email wpcf7-validates-as-required wpcf7-text wpcf7-validates-as-email\" aria-required=\"true\" aria-invalid=\"false\" value=\"\" type=\"email\" name=\"your-email\" \/><\/span> <\/label>\n<\/p>\n<p><label> Asunto<br \/>\n<span class=\"wpcf7-form-control-wrap\" data-name=\"your-subject\"><input size=\"40\" maxlength=\"400\" class=\"wpcf7-form-control wpcf7-text wpcf7-validates-as-required\" aria-required=\"true\" aria-invalid=\"false\" value=\"\" type=\"text\" name=\"your-subject\" \/><\/span> <\/label>\n<\/p>\n<p><label> Tu mensaje (opcional)<br \/>\n<span class=\"wpcf7-form-control-wrap\" data-name=\"your-message\"><textarea cols=\"40\" rows=\"10\" maxlength=\"2000\" class=\"wpcf7-form-control wpcf7-textarea\" aria-invalid=\"false\" name=\"your-message\"><\/textarea><\/span> <\/label>\n<\/p>\n<p><input class=\"wpcf7-form-control wpcf7-submit has-spinner\" type=\"submit\" value=\"Enviar\" \/>\n<\/p><div class=\"wpcf7-response-output\" aria-hidden=\"true\"><\/div>\n<\/form>\n<\/div>\n<\/div><\/div> <\/div><\/div> <\/div><\/div>","protected":false},"excerpt":{"rendered":"<p>PSI&nbsp; Si necesitas cumplir con la norma de medici\u00f3n de flujo de agua dando as\u00ed al cumplimiento de la NOM-AA-179-SCFI-2018 GRUPO THERA Somos una empresa que cumple con los lineamientos como proveedor de servicios de servicios integrados y CONAGUA CALIDAD Y EFICIENCIA Con la alta calidad y gran exactitud de nuestros medidores, aseguramos el funcionamiento&hellip; <br \/> <a class=\"read-more\" href=\"https:\/\/nmx179.com\/\">Leer m\u00e1s<\/a><\/p>\n","protected":false},"author":1,"featured_media":0,"parent":0,"menu_order":0,"comment_status":"closed","ping_status":"closed","template":"page-templates\/homepage.php","meta":{"footnotes":""},"class_list":["post-5","page","type-page","status-publish","hentry"],"aioseo_notices":[],"_links":{"self":[{"href":"https:\/\/nmx179.com\/index.php\/wp-json\/wp\/v2\/pages\/5","targetHints":{"allow":["GET"]}}],"collection":[{"href":"https:\/\/nmx179.com\/index.php\/wp-json\/wp\/v2\/pages"}],"about":[{"href":"https:\/\/nmx179.com\/index.php\/wp-json\/wp\/v2\/types\/page"}],"author":[{"embeddable":true,"href":"https:\/\/nmx179.com\/index.php\/wp-json\/wp\/v2\/users\/1"}],"replies":[{"embeddable":true,"href":"https:\/\/nmx179.com\/index.php\/wp-json\/wp\/v2\/comments?post=5"}],"version-history":[{"count":36,"href":"https:\/\/nmx179.com\/index.php\/wp-json\/wp\/v2\/pages\/5\/revisions"}],"predecessor-version":[{"id":175,"href":"https:\/\/nmx179.com\/index.php\/wp-json\/wp\/v2\/pages\/5\/revisions\/175"}],"wp:attachment":[{"href":"https:\/\/nmx179.com\/index.php\/wp-json\/wp\/v2\/media?parent=5"}],"curies":[{"name":"wp","href":"https:\/\/api.w.org\/{rel}","templated":true}]}}